{"id":400,"date":"2020-11-24T17:51:53","date_gmt":"2020-11-24T17:51:53","guid":{"rendered":"http:\/\/localhost\/itsasoko\/?page_id=400"},"modified":"2020-11-24T19:02:14","modified_gmt":"2020-11-24T19:02:14","slug":"politica-de-cookies","status":"publish","type":"page","link":"https:\/\/itsasoko.com\/en\/politica-de-cookies\/","title":{"rendered":"Cookies Policy"},"content":{"rendered":"<h2 class=\"item-page-title\">Pol\u00edtica de Cookies<\/h2>\n<p>En esta web se utilizan cookies propias y de terceros para conseguir que tengas una mejor experiencia de navegaci\u00f3n, puedas compartir contenido en redes sociales y para obtener estad\u00edsticas de usuarios.<\/p>\n<p>Como usuario, la manera mas sencilla de evitar la descarga de cookies es bloqueando estas cookies mediante una configuraci\u00f3n apropiada de tu navegador, de esta manera evitar\u00e1s que las cookies se almacenen en tu disco duro.<\/p>\n<p>Esta web no utiliza ninguna informaci\u00f3n personal procedente de cookies, tan solo se utilizan para estad\u00edsticas generales de visitas o almacenamiento de preferencias del usuario, que ning\u00fan caso remiten a ninguna informaci\u00f3n de caracter personal.<\/p>\n<p>Por eso es importante que leas la presente pol\u00ed\u00adtica de cookies y comprendas que, si contin\u00faas navegando, consideramos que aceptas su uso.<\/p>\n<p>Seg\u00fan los t\u00e9rminos incluidos en el art\u00ed\u00adculo 22.2 de la Ley 34\/2002 de Servicios de la Sociedad de la Informaci\u00f3n y Comercio Electr\u00f3nico, si contin\u00faas navegando, estar\u00e1s prestando tu consentimiento para el empleo de los referidos mecanismos.<\/p>\n<h2>\u00bfQu\u00e9 es una cookie?<\/h2>\n<p>Una cookie es un fichero de texto inofensivo que se almacena en su navegador cuando visita casi cualquier p\u00e1gina web. La utilidad de la cookie es que la web sea capaz de recordar su visita cuando vuelva a navegar por esta p\u00e1gina. Aunque mucha gente no lo sabe, las cookies se llevan utilizando desde hace 20 a\u00f1os, cuando aparecieron los primeros navegadores para la World Wide Web.<\/p>\n<h2>\u00bfQu\u00e9 informaci\u00f3n almacena una cookie?<\/h2>\n<p>Las cookies no suelen almacenar informaci\u00f3n sensible sobre usted, como tarjetas de cr\u00e9dito o datos bancarios, fotograf\u00edas, u otra informaci\u00f3n personal. Los datos que guardan son de car\u00e1cter t\u00e9cnico, preferencias personales, personalizaci\u00f3n de contenidos, etc.<\/p>\n<p>El servidor web no le asocia a usted como persona si no a su navegador web. De hecho, si usted navega habitualmente con Internet Explorer y prueba a navegar por la misma web con Firefox o Chrome ver\u00e1 que la web no se da cuenta que es usted la misma persona porque en realidad est\u00e1 asociando al navegador, no a la persona.<\/p>\n<h2>\u00bfQu\u00e9 tipo de cookies existen?<\/h2>\n<p><strong>Cookies t\u00e9cnicas<\/strong>: Son las mas elementales y permiten, entre otras cosas, saber cuando est\u00e1 navegando un humano o una aplicaci\u00f3n automatizada, cuando navega un usuario an\u00f3nimo y uno registrado, tareas b\u00e1sicas para el funcionamiento de cualquier web din\u00e1mica.<\/p>\n<p><strong>Cookies de an\u00e1lisis<\/strong>: Recogen informaci\u00f3n sobre el tipo de navegaci\u00f3n que est\u00e1 realizando, por ejemplo: las secciones que m\u00e1s visita, productos consultados, franja horaria de uso, idioma, etc.<\/p>\n<p><strong>Cookies publicitarias<\/strong>: Muestran publicidad en funci\u00f3n de su navegaci\u00f3n, su pa\u00ed\u00ads de procedencia, idioma, etc.<\/p>\n<h4>\u00bfQu\u00e9 son las cookies propias y las de terceros?<\/h4>\n<p>Las cookies propias son las generadas por la p\u00e1gina que est\u00e1 visitando y las de terceros son las generadas por servicios o proveedores externos como Mailchimp, Mailrelay, Facebook, Twitter, Google, etc.<\/p>\n<h2>\u00bfSe pueden eliminar las cookies?<\/h2>\n<p>Si\u00ad. No s\u00f3lo eliminar, tambi\u00e9n las puede bloquear de forma general o particular para un dominio espec\u00edfico.<\/p>\n<p>Para eliminar las cookies de un sitio web debe ir a la configuraci\u00f3n de su navegador y all\u00e1 podr\u00e1 buscar las asociadas al dominio en cuesti\u00f3n para proceder a su eliminaci\u00f3n.<\/p>\n<h2><strong>Configuraci\u00f3n de cookies para los navegadores mas populares<\/strong><\/h2>\n<p>El usuario podr\u00e1 -en cualquier momento- elegir qu\u00e9 cookies quiere que funcionen en este sitio web mediante la configuraci\u00f3n del navegador:<\/p>\n<ul>\n<li><a href=\"http:\/\/support.google.com\/chrome\/bin\/answer.py?hl=es&amp;answer=95647\">Google Chrome<\/a><\/li>\n<li><a href=\"https:\/\/support.microsoft.com\/en-us\/help\/17442\/windows-internet-explorer-delete-manage-cookies#ie=ie-10\">Internet Explorer<\/a><\/li>\n<li><a href=\"https:\/\/support.mozilla.org\/es\/kb\/habilitar-y-deshabilitar-cookies-sitios-web-rastrear-preferencias?redirectlocale=es&amp;redirectslug=habilitar-y-deshabilitar-cookies-que-los-sitios-we\">Mozilla Firefox<\/a><\/li>\n<li><a href=\"https:\/\/support.apple.com\/es-es\/HT201265\">Apple Safari<\/a><\/li>\n<\/ul>\n<h2>\u00bfQu\u00e9 cookies utiliza esta web?<\/h2>\n<p>Esta web utiliza cookies propias y de terceros. En este sitio web se utilizan las siguientes cookies que se detallan a continuaci\u00f3n:<\/p>\n<p><script type=\"text\/javascript\" charset=\"UTF-8\"  data-cookiescriptreport=\"report\" src=\"\/\/report.cookie-script.com\/r\/ba2c16c48a68d71c1c9307674c8346ad.js\"><\/script><\/p>\n","protected":false},"excerpt":{"rendered":"<p>Pol\u00edtica de Cookies En esta web se utilizan cookies propias y de [&hellip;]<\/p>\n","protected":false},"author":1,"featured_media":0,"parent":0,"menu_order":0,"comment_status":"closed","ping_status":"closed","template":"","meta":{"_acf_changed":false,"footnotes":""},"acf":[],"_links":{"self":[{"href":"https:\/\/itsasoko.com\/en\/wp-json\/wp\/v2\/pages\/400"}],"collection":[{"href":"https:\/\/itsasoko.com\/en\/wp-json\/wp\/v2\/pages"}],"about":[{"href":"https:\/\/itsasoko.com\/en\/wp-json\/wp\/v2\/types\/page"}],"author":[{"embeddable":true,"href":"https:\/\/itsasoko.com\/en\/wp-json\/wp\/v2\/users\/1"}],"replies":[{"embeddable":true,"href":"https:\/\/itsasoko.com\/en\/wp-json\/wp\/v2\/comments?post=400"}],"version-history":[{"count":2,"href":"https:\/\/itsasoko.com\/en\/wp-json\/wp\/v2\/pages\/400\/revisions"}],"predecessor-version":[{"id":406,"href":"https:\/\/itsasoko.com\/en\/wp-json\/wp\/v2\/pages\/400\/revisions\/406"}],"wp:attachment":[{"href":"https:\/\/itsasoko.com\/en\/wp-json\/wp\/v2\/media?parent=400"}],"curies":[{"name":"wp","href":"https:\/\/api.w.org\/{rel}","templated":true}]}}