{"id":697,"date":"2022-05-12T16:34:36","date_gmt":"2022-05-12T16:34:36","guid":{"rendered":"https:\/\/itsasoko.com\/?page_id=697"},"modified":"2022-05-12T16:34:36","modified_gmt":"2022-05-12T16:34:36","slug":"aviso-legal","status":"publish","type":"page","link":"https:\/\/itsasoko.com\/en\/aviso-legal\/","title":{"rendered":"Legal Warning"},"content":{"rendered":"<p><\/p>\n<h3>Condiciones de compra<\/h3>\n<p>A continuaci\u00f3n se declaran las Condiciones de Uso de nuestra P\u00e1gina Web www.txangu2.com. Por favor, l\u00e9elas tranquilamente ya que a partir de este momento aceptas las siguientes condiciones:<\/p>\n<p><strong>1. Informaci\u00f3n legal y aceptaci\u00f3n de las condiciones de uso<\/strong><\/p>\n<p><strong>1.1 \u00bfQui\u00e9n presta el servicio?<\/strong><\/p>\n<p>Txangu2 Gourmet SL., en adelante Txangu2, es el propietario del sitio web www.itsasoko.com, en adelante Txangu2. Nuestro C\u00f3digo de Identificaci\u00f3n Fiscal (CIF) es B.75143180 y estamos inscritos en el Registro Mercantil de San Sebasti\u00e1n.<\/p>\n<p><strong>1.2 \u00bfQu\u00e9 hacemos en Txangu2?<\/strong><\/p>\n<p>Desde Txangu2 queremos ofrecerte los art\u00edculos relacionados con el buey de mar (Txangurro) mas naturales, artesanos, exquisitos y sanos. Somos el referente dentro del mundo del buey de mar (Txangurro).<\/p>\n<p>Ofrecemos informaci\u00f3n sobre como elaborar recetas y platos cuya base principal es el buey de mar.<\/p>\n<p>Adem\u00e1s queremos fomentar la pesca local y sostenible.<\/p>\n<p><strong>1.3 \u00bfC\u00f3mo puedes contactar con Txangu2?<\/strong><\/p>\n<p>Por distintas v\u00edas:<\/p>\n<p>\u2013 Tel\u00e9fono: +34 943 633 613<\/p>\n<p>\u2013 Correo electr\u00f3nico: <span id=\"cloak16198\"><a href=\"mailto:txangu2@txangu2.com\">txangu2@txangu2.com<\/a><\/span><\/p>\n<p><strong>1.4 Aceptaci\u00f3n de las condiciones de uso<\/strong><\/p>\n<p>Cuando accedes a la web de Txangu2 y haces uso de los servicios que ofrecemos aceptas, como usuario, todas las condiciones recogidas en las presentes Condiciones de Uso, las cuales rigen el uso de la p\u00e1gina y la contrataci\u00f3n de productos y\/o servicios a trav\u00e9s del mismo.<\/p>\n<p>Al visitar el Sitio Web y en particular al registrarte como Usuario, aceptas las presentes Condiciones Generales y manifiestas que:<\/p>\n<p>1. Has le\u00eddo, entendido y comprendido lo expuesto en las presentes condiciones.<\/p>\n<p>2. Tienes capacidad suficiente para contratar los productos y\/o servicios que desde Txangu2 te ofrecemos.<\/p>\n<p>3. Asumes todas las obligaciones aqu\u00ed detalladas.<\/p>\n<p>Desde Txangu2 nos reservamos el derecho de poder modificar las presentes condiciones de uso y acceso a los distintos servicios ofertados. Las condiciones de uso aplicadas est\u00e1n sujetas a la legalidad vigente y a los principios de buena fe y uso l\u00edcito por tu parte, quedando prohibido cualquier tipo de actuaci\u00f3n en perjuicio de Txangu2 y de terceros.<\/p>\n<p><strong>2. Registro e interacci\u00f3n de usuarios en la web<\/strong><\/p>\n<p>Para completar correctamente el proceso de compra deber\u00e1s rellenar al menos los siguientes datos: Nombre y Apellidos, Tel\u00e9fono, Mail, Direcci\u00f3n de Env\u00edo (incluido el c\u00f3digo postal antes mencionado) y los datos relativos al medio de pago que elijas.<\/p>\n<p>Si decides registrarte deber\u00e1s elegir nombre de usuario y una contrase\u00f1a. Ser\u00e1 tuya la responsabilidad de mantener en confidencialidad, asumiendo por tanto, cuantos da\u00f1os y\/o perjuicios de todo tipo se deriven del quebrantamiento o revelaci\u00f3n de la misma, as\u00ed como del mal uso que, como consecuencia de la infracci\u00f3n de tu deber de custodia, pudiera hacer un tercero. Respecto de la Ley Org\u00e1nica 15\/1999, el 13 de diciembre, de Protecci\u00f3n de Datos de Car\u00e1cter Personal, Txangu2 te informa de que tus datos quedar\u00e1n reflejados y custodiados en un fichero de nuestra titularidad e inscrito en la Agencia Espa\u00f1ola de Protecci\u00f3n de Datos. Incluimos los datos necesarios para mantenerte informado de los servicios que solicitas. Como titular de los datos podr\u00e1s ejercer todos los derechos reconocidos en la Ley Org\u00e1nica de Protecci\u00f3n de Datos sobre este fichero. (Ver m\u00e1s en la Pol\u00edtica de Privacidad)<\/p>\n<p>Por tu parte, deber\u00e1s siempre tener actualizada la informaci\u00f3n de tu cuenta. En caso contrario, y en el supuesto caso de que tengamos que contactar contigo, no nos podremos hacer responsables si los datos no son correctos.<\/p>\n<p>Adem\u00e1s, como usuario no debes transferir o vender los detalles de tu cuenta en Txangu2 a terceras partes.<\/p>\n<p>Por \u00faltimo te recordamos algo importante. Los servicios que prestamos son para usuarios mayores de 18 a\u00f1os que puedan cumplir contratos legales bajo la ley correspondiente. Por tanto, si accedes a nuestros servicios garantizas que alcanzas la mayor\u00eda de edad. Si observamos que los datos facilitados no se ci\u00f1en a la realidad podremos denegarte el acceso a la web. Y si tienes menos de 18 a\u00f1os, es f\u00e1cil, solo tendr\u00e1s que ser supervisado por tus padres o por parte de tu tutor legal, siendo en tal caso el adulto el responsable del uso que hagas en la web de Txangu2.<\/p>\n<p><strong>3. Condiciones de acceso y uso de Txangu2<\/strong><\/p>\n<p>Cuando navegas en la p\u00e1gina web te comprometes a:<\/p>\n<p>\u2013 Utilizar los servicios y contenidos de la web conforme a lo establecido en la ley, la moral, el orden p\u00fablico y en las presentes condiciones generales de uso.<\/p>\n<p>\u2013 A hacer un uso adecuado de los servicios y\/o contenidos de la p\u00e1gina y a no emplearlos para realizar actividades il\u00edcitas o constitutivas de delito y\/o que infrinjan la regulaci\u00f3n sobre propiedad intelectual e industrial, o cualesquiera otras formas de ordenamiento jur\u00eddico aplicable. En base a ello, desde Txangu2 te planteamos las siguientes normas de participaci\u00f3n. Por ello, nos reservamos el derecho de suspender o cancelar, total o parcialmente, con o sin previo aviso, cualquier contenido o cuenta de usuario que infrinja las presentes condiciones de uso del Servicio.<\/p>\n<p>Te comprometes, por tanto, a no realizar ninguna de las siguientes actividades:<\/p>\n<p>\u2013 Ofender, insultar, desacreditar o acosar a otras personas. Introducir o difundir contenidos de car\u00e1cter racista, xen\u00f3fobo, hom\u00f3fobo, ped\u00f3filo, excesivamente violento, de apolog\u00eda del terrorismo o que atenten contra los derechos humanos.<\/p>\n<p>\u2013 Publicar im\u00e1genes de otras personas y\/o productos sin su consentimiento.<\/p>\n<p>\u2013 Difamar o calumniar a empresas, colectivos, ONGs, o cualquier otro grupo de individuos.<\/p>\n<p>\u2013 Plagiar, copiar o utilizar contenidos de la web sin nuestro consentimiento.<\/p>\n<p>\u2013 Suplantar a otras personas, colectivos o entidades jur\u00eddicas.<\/p>\n<p>\u2013 A\u00f1adir alg\u00fan software que entorpezca el normal funcionamiento del sistema o cualquier c\u00f3digo, fichero o programa que ofrezca publicidad a trav\u00e9s de ventanas emergentes (POPups).<\/p>\n<p>\u2013 Utilizar indebidamente las funcionalidades de Txangu2.<\/p>\n<p><strong>4. Publicidad y comunicaciones<\/strong><\/p>\n<p>Al usar este servicio aceptas que desde Txangu2 podamos incluir en la web banners de comunicaci\u00f3n y\/o promoci\u00f3n cualquier espacio com\u00fan, con o sin previo aviso, y sin ninguna clase de compensaci\u00f3n para el usuario.<\/p>\n<p>Las im\u00e1genes, v\u00eddeos y dem\u00e1s contenido audiovisual expuesto y que mostramos en Txangu2 son para tu propio inter\u00e9s y beneficio, pero puede darse el caso de que no siempre muestre una exacta reproducci\u00f3n del producto que adquieres.<\/p>\n<p>El precio de los productos expuestos en la web, salvo que se diga lo contrario espec\u00edficamente, incluye el Impuesto sobre el Valor A\u00f1adido (IVA) aplicable y, si fuera el caso, otros impuestos que gravaran dichos productos. Igualmente, salvo que se exprese de forma diferente, todos los productos se exponen en la moneda Euro (\u20ac).<\/p>\n<p><strong>5. Responsabilidad de Txangu2<\/strong><\/p>\n<p>Desde Txangu2 ponemos en valor a los peque\u00f1os pescadores, aquellos que capturan con esmero y esfuerzo los mejores ejemplares de bueyes de mar. Por ello llegamos a un acuerdo con ellos para ofrecerte los mejores productos de manera diaria. En relaci\u00f3n a lo explicado previamente, nos hacemos responsables de toda la informaci\u00f3n que se disponga en la web de productores y productos, aunque debes saber que es obtenida de datos previos que nos han dado ellos. Hacemos uso de dicha informaci\u00f3n y te la transmitimos.<\/p>\n<p>Desde Txangu2 no asumimos responsabilidad por la p\u00e9rdida de datos, informaci\u00f3n o ficheros que se produzcan como consecuencia del corte o interrupci\u00f3n en el suministro de alguno de nuestros servicios, declinando toda responsabilidad por los da\u00f1os o perjuicios que de ello pudieran derivar. Aunque no esperamos hacerlo, nos reservamos el derecho de suspender unilateralmente, temporal o irreversiblemente, y sin necesidad de previo aviso, la accesibilidad a la web, en raz\u00f3n de la eventual necesidad de efectuar operaciones de mantenimiento, reparaci\u00f3n, actualizaci\u00f3n, mejora de las mismas o incompatibilidad con el servicio ofrecido.<\/p>\n<p>Desde Txangu2 no nos podemos responsabilizar por el mal uso que se pueda hacer de esta p\u00e1gina web. No podemos garantizar la ausencia de virus u otros elementos que pudieran causarte da\u00f1os en los sistemas inform\u00e1ticos, documentos electr\u00f3nicos o en otros ficheros de esta web. Tampoco nos responsabilizamos del contenido de las p\u00e1ginas web a las que enlazamos, ya que no podemos controlar qu\u00e9 hacen en todo momento. Aunque ya te decimos que en cuanto detectamos la m\u00e1s m\u00ednima irregularidad o sospechamos que algo no funciona correctamente, nos ponemos manos a la obra.<\/p>\n<p><strong>6. Garant\u00eda de Txangu2<\/strong><\/p>\n<p>Trabajamos para ofrecerte la mejor calidad y cantidad de alimentos artesanos, ecol\u00f3gicos, gourmet, tradicionales, etc. Creemos que si adquieres nuestros productos favoreces, y mucho, entre otras cosas, la pesca sostenible y responsable.<\/p>\n<p><strong>7. Pol\u00edtica de privacidad<\/strong><\/p>\n<p>Los datos de car\u00e1cter personal y otra informaci\u00f3n relativa a la identidad del usuario est\u00e1n sujetos a la pol\u00edtica de privacidad de Txangu2, que puedes ver en el enlace expuesto.<\/p>\n<p><strong>8. Coste del servicio<\/strong><\/p>\n<p>Si adquieres alguno de los nuestros productos artesanos, gourmet, tradicionales, naturales etc., deber\u00e1s abonar las cantidades expuestas en el proceso de compra y que ser\u00e1n claras y detalladas en todo momento. Si detectas alg\u00fan problema u error av\u00edsanos en el n\u00famero de tel\u00e9fono 943 633 613 o por correo electr\u00f3nico <span id=\"cloak66235\"><a href=\"mailto:txangu2@txangu2.com\">txangu2@txangu2.com<\/a><\/span><\/p>\n<p><strong>9. Proceso de compra<\/strong><\/p>\n<p>Txangu2 utiliza para todas las transacciones de comercio electr\u00f3nico el Secure Socket Layers (SSL). Es un sistema de seguridad que te garantiza que todos los datos que nos env\u00edes est\u00e1n ocultos. Esto hace que sea virtualmente imposible que alguien sin previa autorizaci\u00f3n acceda a la informaci\u00f3n que nos env\u00edas.<\/p>\n<p>Si tienes dudas o quieres consultarnos algo sobre el uso de certificado electr\u00f3nico en Txangu2, contacta con nosotros y trataremos de responderte con todo lujo de detalles.<\/p>\n<p><strong>10. Log\u00edstica y transporte<\/strong><\/p>\n<p>Hemos llegado a un acuerdo con varias empresas log\u00edsticas para que lleven directamente a tu hogar los productos. Sin intermediarios. Por ello los gastos de transporte se aplican por pedido y se calculan en funci\u00f3n del peso final de los productos, no del precio de estos.<\/p>\n<p>Podemos garantizar que tu pedido llegar\u00e1 en menos de 72 horas desde que \u00e9ste sale de nuestras instalaciones. En caso contrario, h\u00e1znoslo saber en el correo <span id=\"cloak94547\"><a href=\"mailto:txangu2@txangu2.com\">txangu2@txangu2.com<\/a><\/span>, queremos siempre tener toda la informaci\u00f3n y solucionar cualquier conflicto, por peque\u00f1o que sea.<\/p>\n<p><strong>11. Devoluciones<\/strong><\/p>\n<p>Si quieres devolver un producto, puedes hacerlo, siempre y cuando se ajuste a la legalidad vigente:<\/p>\n<p><strong>11.1. Derecho de desistimiento<\/strong><\/p>\n<p>El Art. 44 de la Ley 7\/1996, de 15 de enero, de Ordenaci\u00f3n del Comercio Minorista, y tambi\u00e9n la Ley 3\/2014, de 27 de marzo, por la que se modifica el texto refundido de la Ley General para la Defensa de los Consumidores y Usuarios y otras leyes complementarias, se te otorga algo que se llama derecho al desistimiento del pedido. Puedes devolver el producto\/servicio adquirido en un plazo de catorce d\u00edas desde que lo recibes, previa comunicaci\u00f3n v\u00eda tel\u00e9fono, al n\u00famero 943 633 613, o por mail al correo txangu2@txangu2-com. Te devolveremos el precio que hubieras pagado por \u00e9l. Para ello deber\u00e1s devolver el pedido con todos los productos que quieras devolver y siempre con su embalaje original, con su precinto original sin romper, con todos sus accesorios y en perfecto estado. No se aceptar\u00e1n devoluciones de productos que no vengan con su embalaje original, salvo que estos sean defectuosos. Si la devoluci\u00f3n se debe a este \u00faltimo pretexto, en estos catorce d\u00edas puedes optar por la sustituci\u00f3n del producto. Por \u00faltimo y en relaci\u00f3n a tu derecho de desistimiento, debes saber tambi\u00e9n que no es de aplicaci\u00f3n productos que \u201cpuedan deteriorarse o caducar con rapidez\u201d. As\u00ed que quiz\u00e1s, sobre algunos de tus productos no puedas ejercer este derecho. Sin embargo, siempre comun\u00edcanos cualquier problema y lo solucionaremos.<\/p>\n<p><strong>11.2. Devoluci\u00f3n por defectos de producto, defectos producidos en el transporte o error en el env\u00edo<\/strong><\/p>\n<p>Si en el momento de la entrega aprecias claramente, a simple vista, sin abrir el paquete, que \u00e9ste tiene defectos provocados por da\u00f1os en el transporte o hay un error en los productos recibidos, tienes 24 horas para comunic\u00e1rnoslo. No tires el producto, no lo manipules. Hazle una foto y env\u00edala a <span id=\"cloak20285\"><a href=\"mailto:txangu2@txangu2.com\">txangu2@txangu2.com<\/a><\/span>. Si lo prefieres puedes llamarnos al 943 633 613 en horario de atenci\u00f3n al cliente. As\u00ed procederemos a la devoluci\u00f3n del producto y la sustituci\u00f3n por uno nuevo o el reembolso del precio pagado por el mismo.<\/p>\n<p>Para poder efectuar la devoluci\u00f3n de los productos el producto ha debido ser recogido en el primer intento que realice la empresa de transporte. \u00bfPor qu\u00e9? Porque muchos de los productos que desde Txangu2 te ofrecemos son frescos, de pronta caducidad, as\u00ed puede que si la entrega se retrasa por causas ajenas a nosotros mismos, no nos podemos hacer responsables del producto.<\/p>\n<p>Aun as\u00ed, como hemos repetido varias veces en las presentes condiciones, d\u00ednoslo, y veremos qu\u00e9 podemos hacer.<\/p>\n<p>Si la compra la has realizado bajo alg\u00fan tipo de promoci\u00f3n o c\u00f3digo de promoci\u00f3n, las devoluciones se basar\u00e1n en t\u00e9rminos del precio que has pagado por el producto o servicio.<\/p>\n<p><strong>12. Duraci\u00f3n del servicio<\/strong><\/p>\n<p>Si no sucede nada extra\u00f1o, los servicios ofertados desde Txangu2 te los ofrecemos indefinidamente. Pueden existir problemas t\u00e9cnicos que deriven en una suspensi\u00f3n temporal de \u00e9stos. Adem\u00e1s recuerda, que si incumples alg\u00fan punto expuesto anteriormente podremos cancelar tu cuenta. Si se produce alguna falta por nuestra parte no dudes en comunic\u00e1rnoslo, queremos mejorar d\u00eda a d\u00eda, y buscaremos la soluci\u00f3n m\u00e1s r\u00e1pida y eficiente para que tu problema sea resuelto. Para ello contacta con nosotros v\u00eda telef\u00f3nica o por mail al correo <span id=\"cloak80234\"><a href=\"mailto:txangu2@txangu2.com\">txangu2@txangu2.com<\/a><\/span><\/p>\n<p><strong>13. Resoluci\u00f3n de conflictos<\/strong><\/p>\n<p>Las presentes condiciones y su ejecuci\u00f3n se regir\u00e1n por las leyes espa\u00f1olas. Para cualquier cuesti\u00f3n relativa al cumplimiento o interpretaci\u00f3n del presente contrato, las partes con renuncia expresa del fuero que pudiera corresponderles, se someten a la jurisdicci\u00f3n y competencia de los tribunales de Ir\u00fan, Guip\u00fazcoa.<\/p>","protected":false},"excerpt":{"rendered":"<p>Condiciones de compra A continuaci\u00f3n se declaran las Condiciones de Uso de [&hellip;]<\/p>\n","protected":false},"author":3,"featured_media":0,"parent":0,"menu_order":0,"comment_status":"closed","ping_status":"closed","template":"","meta":{"_acf_changed":false,"footnotes":""},"acf":[],"_links":{"self":[{"href":"https:\/\/itsasoko.com\/en\/wp-json\/wp\/v2\/pages\/697"}],"collection":[{"href":"https:\/\/itsasoko.com\/en\/wp-json\/wp\/v2\/pages"}],"about":[{"href":"https:\/\/itsasoko.com\/en\/wp-json\/wp\/v2\/types\/page"}],"author":[{"embeddable":true,"href":"https:\/\/itsasoko.com\/en\/wp-json\/wp\/v2\/users\/3"}],"replies":[{"embeddable":true,"href":"https:\/\/itsasoko.com\/en\/wp-json\/wp\/v2\/comments?post=697"}],"version-history":[{"count":1,"href":"https:\/\/itsasoko.com\/en\/wp-json\/wp\/v2\/pages\/697\/revisions"}],"predecessor-version":[{"id":698,"href":"https:\/\/itsasoko.com\/en\/wp-json\/wp\/v2\/pages\/697\/revisions\/698"}],"wp:attachment":[{"href":"https:\/\/itsasoko.com\/en\/wp-json\/wp\/v2\/media?parent=697"}],"curies":[{"name":"wp","href":"https:\/\/api.w.org\/{rel}","templated":true}]}}