{"id":398,"date":"2020-11-24T17:50:03","date_gmt":"2020-11-24T17:50:03","guid":{"rendered":"http:\/\/localhost\/itsasoko\/?page_id=398"},"modified":"2020-11-24T19:00:07","modified_gmt":"2020-11-24T19:00:07","slug":"politica-de-privacidad","status":"publish","type":"page","link":"https:\/\/itsasoko.com\/eu\/politica-de-privacidad\/","title":{"rendered":"Pribatutasun politika"},"content":{"rendered":"<h2>Pol\u00edtica de Privacidad<\/h2>\n<p>A efectos de lo previsto en el nuevo reglamento europeo de protecci\u00f3n de datos (UE) 2016\/679 de 27 de abril de 2016, relativo a la protecci\u00f3n de las personas f\u00edsicas en lo que respecta al tratamiento de sus datos personales y a la libre circulaci\u00f3n de estos, se informa al usuario de manera clara y transparente los datos del responsable de esta web: txangu2.com es un proyecto de TXANGU2 GOURMET S.L. con CIF B-75143180 y domicilio social en Avda Letxunborro 83, Pabellones 1, 2, 3. 20305 Ir\u00fan, Guipuzkoa, inscrita en el Registro Mercantil, en el tomo 2720, folio 151, secci\u00f3n 8, hoja 37915..<\/p>\n<p>En esta web se asume un compromiso permanente con la privacidad de los datos de sus suscriptores, contactos y clientes, y se garantiza las mejores pr\u00e1cticas en el uso de datos de car\u00e1cter personal.<\/p>\n<p>TXANGU2 GOURMET S.L. se opone al env\u00edo de correos electr\u00f3nicos no solicitados (spam), poniendo todos los esfuerzos para impedir el uso indebido del correo electr\u00f3nico. Tambi\u00e9n se informa a los usuarios de este sitio que nunca y bajo ninguna circunstancia se compartir\u00e1n datos de usuarios obtenidos mediante este portal ni ser\u00e1n cedidos a terceros, a menos que estos hayan sido informados previamente y se cuente con su expresa autorizaci\u00f3n.<\/p>\n<p>La plataforma podr\u00eda contener v\u00ednculos a sitios web de terceros. Si as\u00ed fuera, en ning\u00fan caso nos haremos responsables de las pr\u00e1cticas de protecci\u00f3n de datos ni del contenido de dichos sitios web. Por consiguiente, conviene que lea atentamente las pol\u00edticas de privacidad de cada sitio web antes de aceptar las condiciones y de proceder a su uso.<\/p>\n<h2>Env\u00edo y Registro de Datos de Car\u00e1cter Personal<\/h2>\n<p>El env\u00edo de datos de car\u00e1cter personal es obligatorio para contactar y realizar solicitudes comerciales con txangu2.com. Asimismo, el no facilitar los datos personales solicitados o el no aceptar la presente pol\u00edtica de protecci\u00f3n de datos supone la imposibilidad de procesar las solicitudes realizadas en este portal.<\/p>\n<p>Los supuestos en los que esta web requiere datos personales son:<\/p>\n<p>\u2013 Para realizar consultas a trav\u00e9s del formulario de contacto.<\/p>\n<p>\u2013 Para solicitar cualquiera de los servicios y\/o productos que ofrecemos.<\/p>\n<p>La informaci\u00f3n personal suministrada se utilizar\u00e1 de la siguiente manera:<\/p>\n<p>\u2013 Para promocionar los servicios de txangu2.com: Por ejemplo, si el usuario deja su informaci\u00f3n personal en alguno de los formularios de contacto, txangu2.com puede utilizar esos datos para enviarle informaci\u00f3n sobre sus servicios en el caso de que esta sea solicitada.<\/p>\n<p>\u2013 Para garantizar el cumplimiento de las condiciones de uso y la ley aplicable. Esto puede incluir desarrollo de herramientas y algoritmos que ayudan a esta web a garantizar la confidencialidad de los datos personales que recoge.<\/p>\n<p>\u2013 Para la atenci\u00f3n al cliente y prestar servicios de seguimiento.<\/p>\n<p>\u2013 Para establecer comunicaci\u00f3n con suscriptores, usuarios y clientes.<\/p>\n<p>\u2013 En cada uno de los casos, como usuario tendr\u00e1s plenos derechos sobre tus datos personales y sobre el uso de los mismos y podr\u00e1s ejercitarlos en cualquier momento.<\/p>\n<p>\u2013 En ning\u00fan caso cederemos tus datos a terceros sin informarte previamente y requerirte tu consentimiento.<br \/>\nServicios ofrecidos por terceros en esta web<\/p>\n<p>Para proporcionar servicios estrictamente necesarios para el desarrollo de nuestra actividad, compartimos datos con los siguientes prestadores bajo sus correspondientes condiciones de privacidad:<\/p>\n<p>\u2013 Hosting: 1&amp;1 Internet Espa\u00f1a S.L.U., con CIF: B85049435, y direcci\u00f3n fiscal: Avenida de La Vega, 1 \u2013 Edificio Veganova (Edificio 3, planta 5o puerta C), 28108, Alcobendas (Madrid). 1&amp;1 trata los datos de usuarios y prescriptores web con la finalidad de realizar sus servicios de hosting y correo electr\u00f3nico a txangu2.com. M\u00e1s informaci\u00f3n en 1and1.es<br \/>\nSistemas de captura de datos personales<\/p>\n<p>Esta web utiliza diferentes sistemas de captura de informaci\u00f3n personal, requiriendo siempre el consentimiento previo de los usuarios para tratar sus datos personales con los fines indicados.<\/p>\n<p>Como Usuario tienes derecho a revocar tu consentimiento previo en cualquier momento.<\/p>\n<p>Sistemas de captura de informaci\u00f3n personal utilizados:<\/p>\n<p>\u2013 Formulario de contacto para sugerencias, consutas o contacto profesional<\/p>\n<p>\u2013 Formulario de suscripci\u00f3n al boletin de noticias<\/p>\n<p>\u2013 Formulario de registro para clientes que desean utilizar los servicios proporcionados por txangu2.com<\/p>\n<p>\u2013 Cookies: El usuario puede consultar en cualquier momento la pol\u00edtica de cookies para ampliar informaci\u00f3n sobre el uso de cookies y c\u00f3mo desactivarlas.<\/p>\n<p>El usuario garantiza que los datos personales facilitados a trav\u00e9s de los diferentes formularios son veraces, quedando obligado a comunicar cualquier modificaci\u00f3n de los mismos. Igualmente, el usuario garantiza que toda la informaci\u00f3n facilitada corresponde con su situaci\u00f3n real, que est\u00e1 puesta al d\u00eda y es exacta. Adem\u00e1s, el usuario se obliga a mantener en todo momento sus datos actualizados, siendo el \u00fanico responsable de la inexactitud o falsedad de los datos facilitados y de los perjuicios que pueda causar por ello a TXANGU2 GOURMET S.L. como titular de la web txangu2.com, o a terceros con motivo de la utilizaci\u00f3n de dichos datos.<\/p>\n<h2>Ejercicio de los derechos de acceso, rectifiaci\u00f3n, cancelaci\u00f3n u oposici\u00f3n (ARCO)<\/h2>\n<p>Los derechos que le asisten como persona interesada y de acuerdo con el RGPD son los siguientes:<\/p>\n<p>\u2013 Derecho a solicitar el acceso a los datos personales relativos a su persona<\/p>\n<p>\u2013 Derecho a solicitar su rectificaci\u00f3n o supresi\u00f3n<\/p>\n<p>\u2013 Derecho a solicitar la limitaci\u00f3n de su tratamiento<\/p>\n<p>\u2013 Derecho a oponerse al tratamiento<\/p>\n<p>\u2013 Derecho a la portabilidad de los datos<\/p>\n<p>Puede ejercer sus derechos de protecci\u00f3n de datos personales dirigiendo una comunicaci\u00f3n por escrito a TXANGU 2 GOURMET, S.L., AVDA. LETXUMBORRO 83 PABELLONES 1, 2 y 3; 20305 IRUN, o a la direcci\u00f3n de correo electr\u00f3nico txangu2@txangu2.com, en la que manifieste el ejercicio de sus derechos anteriormente mencionados, adem\u00e1s de incluir copia de su D.N.I. u otro documento equivalente para certificar su identidad. En caso de que desee contactar con el delegado de protecci\u00f3n de datos, envi\u00e9 un mail a txangu2@txangu2.com.<\/p>\n<h2>Aceptaci\u00f3n y consentimiento<\/h2>\n<p>El usuario declara haber sido informado de las condiciones sobre Protecci\u00f3n de Datos de Car\u00e1cter Personal, aceptando y consintiendo el tratamiento de los mismos por parte de txangu2.com y para las finalidades indicadas en la presente Pol\u00edtica de Privacidad.<\/p>\n<h2>Cambios en la presente pol\u00edtica de privacidad<\/h2>\n<p>TXANGU2 GOURMET S.L. se reserva el derecho a modificar la presente pol\u00edtica para adaptarla a novedades legislativas o jurisprudenciales as\u00ed como a pr\u00e1cticas de la industria. En dichos supuestos, el prestador anunciar\u00e1 en esta p\u00e1gina los cambios introducidos con razonable antelaci\u00f3n a su puesta en pr\u00e1ctica.<\/p>\n<h2>Correos comerciales<\/h2>\n<p>De acuerdo con la LSSICE, txangu2.com no realiza pr\u00e1cticas de SPAM, por lo que no enviar\u00e1 correos comerciales por v\u00eda electr\u00f3nica que no hayan sido previamente solicitados o autorizados por parte del usuario.<\/p>\n","protected":false},"excerpt":{"rendered":"<p>Pol\u00edtica de Privacidad A efectos de lo previsto en el nuevo reglamento [&hellip;]<\/p>\n","protected":false},"author":1,"featured_media":0,"parent":0,"menu_order":0,"comment_status":"closed","ping_status":"closed","template":"","meta":{"_acf_changed":false,"footnotes":""},"acf":[],"_links":{"self":[{"href":"https:\/\/itsasoko.com\/eu\/wp-json\/wp\/v2\/pages\/398"}],"collection":[{"href":"https:\/\/itsasoko.com\/eu\/wp-json\/wp\/v2\/pages"}],"about":[{"href":"https:\/\/itsasoko.com\/eu\/wp-json\/wp\/v2\/types\/page"}],"author":[{"embeddable":true,"href":"https:\/\/itsasoko.com\/eu\/wp-json\/wp\/v2\/users\/1"}],"replies":[{"embeddable":true,"href":"https:\/\/itsasoko.com\/eu\/wp-json\/wp\/v2\/comments?post=398"}],"version-history":[{"count":4,"href":"https:\/\/itsasoko.com\/eu\/wp-json\/wp\/v2\/pages\/398\/revisions"}],"predecessor-version":[{"id":405,"href":"https:\/\/itsasoko.com\/eu\/wp-json\/wp\/v2\/pages\/398\/revisions\/405"}],"wp:attachment":[{"href":"https:\/\/itsasoko.com\/eu\/wp-json\/wp\/v2\/media?parent=398"}],"curies":[{"name":"wp","href":"https:\/\/api.w.org\/{rel}","templated":true}]}}