{"id":381,"date":"2020-11-23T18:46:57","date_gmt":"2020-11-23T18:46:57","guid":{"rendered":"http:\/\/localhost\/itsasoko\/?page_id=381"},"modified":"2020-11-28T15:12:21","modified_gmt":"2020-11-28T15:12:21","slug":"recetas-epicas","status":"publish","type":"page","link":"https:\/\/itsasoko.com\/fr\/recetas-epicas\/","title":{"rendered":"Recettes \u00c9piques"},"content":{"rendered":"<p>\u201cNos soupes, nos cr\u00e8mes et nos fumets ont le go\u00fbt de la mer. Avec nos Recettes \u00c9piques nous r\u00e9cup\u00e9rons ces saveurs de l\u2019enfance qui nous permettent de voyager dans le temps partout ailleurs\u201d.<\/p>","protected":false},"excerpt":{"rendered":"<p>\u201cNos soupes, nos cr\u00e8mes et nos fumets ont le go\u00fbt de la [&hellip;]<\/p>\n","protected":false},"author":1,"featured_media":480,"parent":0,"menu_order":0,"comment_status":"closed","ping_status":"closed","template":"","meta":{"_acf_changed":false,"footnotes":""},"acf":[],"_links":{"self":[{"href":"https:\/\/itsasoko.com\/fr\/wp-json\/wp\/v2\/pages\/381"}],"collection":[{"href":"https:\/\/itsasoko.com\/fr\/wp-json\/wp\/v2\/pages"}],"about":[{"href":"https:\/\/itsasoko.com\/fr\/wp-json\/wp\/v2\/types\/page"}],"author":[{"embeddable":true,"href":"https:\/\/itsasoko.com\/fr\/wp-json\/wp\/v2\/users\/1"}],"replies":[{"embeddable":true,"href":"https:\/\/itsasoko.com\/fr\/wp-json\/wp\/v2\/comments?post=381"}],"version-history":[{"count":2,"href":"https:\/\/itsasoko.com\/fr\/wp-json\/wp\/v2\/pages\/381\/revisions"}],"predecessor-version":[{"id":481,"href":"https:\/\/itsasoko.com\/fr\/wp-json\/wp\/v2\/pages\/381\/revisions\/481"}],"wp:featuredmedia":[{"embeddable":true,"href":"https:\/\/itsasoko.com\/fr\/wp-json\/wp\/v2\/media\/480"}],"wp:attachment":[{"href":"https:\/\/itsasoko.com\/fr\/wp-json\/wp\/v2\/media?parent=381"}],"curies":[{"name":"wp","href":"https:\/\/api.w.org\/{rel}","templated":true}]}}