{"id":387,"date":"2020-11-23T18:50:28","date_gmt":"2020-11-23T18:50:28","guid":{"rendered":"http:\/\/localhost\/itsasoko\/?page_id=387"},"modified":"2020-11-24T16:29:01","modified_gmt":"2020-11-24T16:29:01","slug":"nosotros","status":"publish","type":"page","link":"https:\/\/itsasoko.com\/fr\/nosotros\/","title":{"rendered":"Nous"},"content":{"rendered":"<p><\/p>\n<h2>Notre marque<\/h2>\n<p><strong>ITSASOKO<\/strong> signifie \u201c<strong>de la mer<\/strong>\u201d dans notre langue maternelle. Ce terme fait r\u00e9f\u00e9rence \u00e0 notre origine, \u00e0 une mani\u00e8re de faire les choses bas\u00e9e sur le respect envers ce qui nous entoure et il met en valeur la provenance des mati\u00e8res premi\u00e8res \u00e0 partir desquelles nous \u00e9laborons des produits de haute qualit\u00e9.<\/p>\n<p><img decoding=\"async\" src=\"http:\/\/localhost\/itsasoko\/wp-content\/uploads\/2020\/11\/mar2-420x300.jpg\" \/><\/p>\n<h2>Notre Histoire<\/h2>\n<p>Notre histoire est li\u00e9e \u00e0 la C\u00f4te Cantabrique et plus concr\u00e8tement \u00e0 Fontarrabie, Hondarribia en basque. Depuis 1997, nous \u00e9laborons des produits d\u00e9riv\u00e9s du poisson et des fruits de mer, totalement naturels, sans conservateurs ni colorants.<\/p>\n<p>Nos mati\u00e8res premi\u00e8res sont toujours obtenues des meilleures origines gr\u00e2ces aux petits bateaux qui pratiquent la p\u00eache tous les jours de mani\u00e8re artisanale.<\/p>\n<p>Notre principe est de soutenir la p\u00eache artisanale, durable et responsable tout en respectant les esp\u00e8ces et garantissant ainsi leur r\u00e9g\u00e9n\u00e9ration.<\/p>\n<p>Nous aimons cuisiner \u00e0 feu doux, sans pression, avec des produits de saison car c\u2019est seulement ainsi qu\u2019il est possible de garantir un maximum de saveur et de fra\u00eecheur \u00e0 tous nos produits.<br \/>\n<\/p>","protected":false},"excerpt":{"rendered":"<p>Notre marque ITSASOKO signifie \u201cde la mer\u201d dans notre langue maternelle. Ce [&hellip;]<\/p>\n","protected":false},"author":1,"featured_media":0,"parent":0,"menu_order":0,"comment_status":"closed","ping_status":"closed","template":"","meta":{"_acf_changed":false,"footnotes":""},"acf":[],"_links":{"self":[{"href":"https:\/\/itsasoko.com\/fr\/wp-json\/wp\/v2\/pages\/387"}],"collection":[{"href":"https:\/\/itsasoko.com\/fr\/wp-json\/wp\/v2\/pages"}],"about":[{"href":"https:\/\/itsasoko.com\/fr\/wp-json\/wp\/v2\/types\/page"}],"author":[{"embeddable":true,"href":"https:\/\/itsasoko.com\/fr\/wp-json\/wp\/v2\/users\/1"}],"replies":[{"embeddable":true,"href":"https:\/\/itsasoko.com\/fr\/wp-json\/wp\/v2\/comments?post=387"}],"version-history":[{"count":2,"href":"https:\/\/itsasoko.com\/fr\/wp-json\/wp\/v2\/pages\/387\/revisions"}],"predecessor-version":[{"id":397,"href":"https:\/\/itsasoko.com\/fr\/wp-json\/wp\/v2\/pages\/387\/revisions\/397"}],"wp:attachment":[{"href":"https:\/\/itsasoko.com\/fr\/wp-json\/wp\/v2\/media?parent=387"}],"curies":[{"name":"wp","href":"https:\/\/api.w.org\/{rel}","templated":true}]}}