{"id":389,"date":"2020-11-23T18:51:17","date_gmt":"2020-11-23T18:51:17","guid":{"rendered":"http:\/\/localhost\/itsasoko\/?page_id=389"},"modified":"2020-11-24T18:01:23","modified_gmt":"2020-11-24T18:01:23","slug":"compromiso","status":"publish","type":"page","link":"https:\/\/itsasoko.com\/fr\/compromiso\/","title":{"rendered":"Engagement"},"content":{"rendered":"<p><\/p>\n<h2>De la vraie nourriture, sans colorants ni conservateurs<\/h2>\n<p>Tous nos produits sont \u00e9labor\u00e9s sans colorants ni conservateurs.<\/p>\n<p>Nous utilisons des techniques naturelles d\u2019\u00e9laboration et de conservation respectueuses avec la qualit\u00e9 de nos mati\u00e8res premi\u00e8res ce qui favorise leurs propri\u00e9t\u00e9s les plus b\u00e9n\u00e9fiques.<\/p>\n<p>De la vraie nourriture \u00e0 laquelle on applique des processus artisanaux b\u00e9n\u00e9fiques dans le but de la rendre plus fiable, durable et agr\u00e9able \u00e0 nos palais, favorisant ainsi sa consommation.<br \/>\n<\/p>","protected":false},"excerpt":{"rendered":"<p>De la vraie nourriture, sans colorants ni conservateurs Tous nos produits sont [&hellip;]<\/p>\n","protected":false},"author":1,"featured_media":0,"parent":0,"menu_order":0,"comment_status":"closed","ping_status":"closed","template":"","meta":{"_acf_changed":false,"footnotes":""},"acf":[],"_links":{"self":[{"href":"https:\/\/itsasoko.com\/fr\/wp-json\/wp\/v2\/pages\/389"}],"collection":[{"href":"https:\/\/itsasoko.com\/fr\/wp-json\/wp\/v2\/pages"}],"about":[{"href":"https:\/\/itsasoko.com\/fr\/wp-json\/wp\/v2\/types\/page"}],"author":[{"embeddable":true,"href":"https:\/\/itsasoko.com\/fr\/wp-json\/wp\/v2\/users\/1"}],"replies":[{"embeddable":true,"href":"https:\/\/itsasoko.com\/fr\/wp-json\/wp\/v2\/comments?post=389"}],"version-history":[{"count":2,"href":"https:\/\/itsasoko.com\/fr\/wp-json\/wp\/v2\/pages\/389\/revisions"}],"predecessor-version":[{"id":402,"href":"https:\/\/itsasoko.com\/fr\/wp-json\/wp\/v2\/pages\/389\/revisions\/402"}],"wp:attachment":[{"href":"https:\/\/itsasoko.com\/fr\/wp-json\/wp\/v2\/media?parent=389"}],"curies":[{"name":"wp","href":"https:\/\/api.w.org\/{rel}","templated":true}]}}