{"id":814,"date":"2025-10-08T13:09:23","date_gmt":"2025-10-08T13:09:23","guid":{"rendered":"https:\/\/itsasoko.com\/?page_id=814"},"modified":"2025-10-13T13:07:43","modified_gmt":"2025-10-13T13:07:43","slug":"sopa-de-pescado-restaurante-hermandad-pescadores-hondarribia","status":"publish","type":"page","link":"https:\/\/itsasoko.com\/fr\/sopa-de-pescado-restaurante-hermandad-pescadores-hondarribia\/","title":{"rendered":"Soupe Poisson Confr\u00e9rie des P\u00eacheurs de Hondarribia"},"content":{"rendered":"<p><b>Probablement la meilleure soupe du monde.<\/b> <b>Tradition maritime \u00e0 l\u2019\u00e9tat pur.<\/b><br \/>\nN\u00e9e dans la cuisine du <b>Confr\u00e9rie des P\u00eacheurs de Hondarribia<\/b>, cette soupe est bien plus qu\u2019un plat : c\u2019est une histoire servie \u00e0 chaque cuiller\u00e9e. Pr\u00e9par\u00e9e avec du poisson frais et la recette d\u2019I\u00f1aki Berges, elle conserve intacte la saveur de la v\u00e9ritable cuisine maritime basque.<\/p>","protected":false},"excerpt":{"rendered":"<p>Probablement la meilleure soupe du monde. Tradition maritime \u00e0 l\u2019\u00e9tat pur. N\u00e9e [&hellip;]<\/p>\n","protected":false},"author":3,"featured_media":816,"parent":0,"menu_order":0,"comment_status":"closed","ping_status":"closed","template":"","meta":{"_acf_changed":false,"footnotes":""},"acf":[],"_links":{"self":[{"href":"https:\/\/itsasoko.com\/fr\/wp-json\/wp\/v2\/pages\/814"}],"collection":[{"href":"https:\/\/itsasoko.com\/fr\/wp-json\/wp\/v2\/pages"}],"about":[{"href":"https:\/\/itsasoko.com\/fr\/wp-json\/wp\/v2\/types\/page"}],"author":[{"embeddable":true,"href":"https:\/\/itsasoko.com\/fr\/wp-json\/wp\/v2\/users\/3"}],"replies":[{"embeddable":true,"href":"https:\/\/itsasoko.com\/fr\/wp-json\/wp\/v2\/comments?post=814"}],"version-history":[{"count":4,"href":"https:\/\/itsasoko.com\/fr\/wp-json\/wp\/v2\/pages\/814\/revisions"}],"predecessor-version":[{"id":819,"href":"https:\/\/itsasoko.com\/fr\/wp-json\/wp\/v2\/pages\/814\/revisions\/819"}],"wp:featuredmedia":[{"embeddable":true,"href":"https:\/\/itsasoko.com\/fr\/wp-json\/wp\/v2\/media\/816"}],"wp:attachment":[{"href":"https:\/\/itsasoko.com\/fr\/wp-json\/wp\/v2\/media?parent=814"}],"curies":[{"name":"wp","href":"https:\/\/api.w.org\/{rel}","templated":true}]}}